{"id":54,"date":"2016-11-29T16:35:49","date_gmt":"2016-11-29T15:35:49","guid":{"rendered":"http:\/\/www.bsp-zuber.ro\/?page_id=54"},"modified":"2020-03-13T11:52:04","modified_gmt":"2020-03-13T10:52:04","slug":"impressum","status":"publish","type":"page","link":"https:\/\/www.bsp-zuber.ro\/ro\/impressum\/","title":{"rendered":"(Deutsch) Impressum"},"content":{"rendered":"<p class=\"qtranxs-available-languages-message qtranxs-available-languages-message-ro\">Din p\u0103cate acest articol este disponibil doar \u00een <a href=\"https:\/\/www.bsp-zuber.ro\/de\/wp-json\/wp\/v2\/pages\/54\" class=\"qtranxs-available-language-link qtranxs-available-language-link-de\" title=\"Deutsch\">german\u0103<\/a>.<\/p>","protected":false},"excerpt":{"rendered":"<p>Din p\u0103cate acest articol este disponibil doar \u00een german\u0103.<\/p>\n","protected":false},"author":1,"featured_media":0,"parent":0,"menu_order":0,"comment_status":"closed","ping_status":"closed","template":"","meta":[],"_links":{"self":[{"href":"https:\/\/www.bsp-zuber.ro\/ro\/wp-json\/wp\/v2\/pages\/54"}],"collection":[{"href":"https:\/\/www.bsp-zuber.ro\/ro\/wp-json\/wp\/v2\/pages"}],"about":[{"href":"https:\/\/www.bsp-zuber.ro\/ro\/wp-json\/wp\/v2\/types\/page"}],"author":[{"embeddable":true,"href":"https:\/\/www.bsp-zuber.ro\/ro\/wp-json\/wp\/v2\/users\/1"}],"replies":[{"embeddable":true,"href":"https:\/\/www.bsp-zuber.ro\/ro\/wp-json\/wp\/v2\/comments?post=54"}],"version-history":[{"count":4,"href":"https:\/\/www.bsp-zuber.ro\/ro\/wp-json\/wp\/v2\/pages\/54\/revisions"}],"predecessor-version":[{"id":60,"href":"https:\/\/www.bsp-zuber.ro\/ro\/wp-json\/wp\/v2\/pages\/54\/revisions\/60"}],"wp:attachment":[{"href":"https:\/\/www.bsp-zuber.ro\/ro\/wp-json\/wp\/v2\/media?parent=54"}],"curies":[{"name":"wp","href":"https:\/\/api.w.org\/{rel}","templated":true}]}}