{"id":5,"date":"2016-11-03T14:28:34","date_gmt":"2016-11-03T13:28:34","guid":{"rendered":"http:\/\/www.bsp-zuber.ro\/?page_id=5"},"modified":"2016-11-04T11:40:15","modified_gmt":"2016-11-04T10:40:15","slug":"herzlich-willkommen-bei-bsp-zuber","status":"publish","type":"page","link":"https:\/\/www.bsp-zuber.ro\/ro\/","title":{"rendered":"Bine ati venit la bsp-zuber"},"content":{"rendered":"<p><\/p>\n<h1 style=\"text-align: center;\">Este recomandat, s\u0103 gestioneze \u0219i s\u0103 planifice pentru tine &#8230;<\/h1>\n<p style=\"text-align: center;\">&#8230; Totul pentru prefabricate din beton de la o singur\u0103 surs\u0103.<\/p>\n<h3 style=\"text-align: center;\">Calcule si planuri de statice:<\/h3>\n<p style=\"text-align: center;\">Prefabricate din beton constructiv<\/p>\n<p style=\"text-align: center;\">Produse semi-fabricate cu date de produc\u021bie<\/p>\n<p style=\"text-align: center;\">Pere\u021bi cortin\u0103<\/p>\n<p style=\"text-align: center;\">Fa\u021bade de tip sandwich<\/p>\n<p style=\"text-align: center;\">Solu\u021bii speciale \u00een FT-Bau<\/p>\n<p style=\"text-align: center;\">Ree\u0219alonarea in beton in situ<\/p>\n<p><\/p>","protected":false},"excerpt":{"rendered":"<p>Este recomandat, s\u0103 gestioneze \u0219i s\u0103 planifice pentru tine &#8230; &#8230; Totul pentru prefabricate din beton de la o singur\u0103 surs\u0103. Calcule si planuri de statice: Prefabricate din beton constructiv Produse semi-fabricate cu date de produc\u021bie Pere\u021bi cortin\u0103 Fa\u021bade de tip sandwich Solu\u021bii speciale \u00een FT-Bau Ree\u0219alonarea in beton in [&hellip;]<\/p>\n","protected":false},"author":1,"featured_media":0,"parent":0,"menu_order":0,"comment_status":"closed","ping_status":"closed","template":"","meta":[],"_links":{"self":[{"href":"https:\/\/www.bsp-zuber.ro\/ro\/wp-json\/wp\/v2\/pages\/5"}],"collection":[{"href":"https:\/\/www.bsp-zuber.ro\/ro\/wp-json\/wp\/v2\/pages"}],"about":[{"href":"https:\/\/www.bsp-zuber.ro\/ro\/wp-json\/wp\/v2\/types\/page"}],"author":[{"embeddable":true,"href":"https:\/\/www.bsp-zuber.ro\/ro\/wp-json\/wp\/v2\/users\/1"}],"replies":[{"embeddable":true,"href":"https:\/\/www.bsp-zuber.ro\/ro\/wp-json\/wp\/v2\/comments?post=5"}],"version-history":[{"count":8,"href":"https:\/\/www.bsp-zuber.ro\/ro\/wp-json\/wp\/v2\/pages\/5\/revisions"}],"predecessor-version":[{"id":29,"href":"https:\/\/www.bsp-zuber.ro\/ro\/wp-json\/wp\/v2\/pages\/5\/revisions\/29"}],"wp:attachment":[{"href":"https:\/\/www.bsp-zuber.ro\/ro\/wp-json\/wp\/v2\/media?parent=5"}],"curies":[{"name":"wp","href":"https:\/\/api.w.org\/{rel}","templated":true}]}}